{"id":11,"date":"2025-12-28T10:25:32","date_gmt":"2025-12-28T10:25:32","guid":{"rendered":"http:\/\/lerucherduroumois.fr\/?page_id=11"},"modified":"2025-12-28T15:35:42","modified_gmt":"2025-12-28T14:35:42","slug":"visite-de-ruches-a-la-ferme","status":"publish","type":"page","link":"http:\/\/lerucherduroumois.fr\/index.php\/visite-de-ruches-a-la-ferme\/","title":{"rendered":"\ud83d\udc1d Visite de ruches \u00e0 la ferme"},"content":{"rendered":"\n<p>Venez visiter les ruches \u00e0 la ferme <a href=\"https:\/\/www.lachevrerit.fr\/\" data-type=\"link\" data-id=\"https:\/\/www.lachevrerit.fr\/\">La Chevre Rit<\/a> \u00e0 Bosguerard de Marcouville.<\/p>\n\n\n\n<p>Avec une tenue protectrice, d\u00e9couvrez le fonctionnement d&rsquo;une ruche.<\/p>\n\n\n\n<p>Uniquement les samedis et dimanche apr\u00e8s-midi, ou en semaine pendant les vacances scolaires.<\/p>\n\n\n\n<p>R\u00e9servation n\u00e9cessaire une semaine \u00e0 l&rsquo;avance, sous condition m\u00e9t\u00e9o. Tarifs sur demande.<br><br><\/p>\n\n\n\n<figure class=\"wp-block-image size-full\"><img loading=\"lazy\" decoding=\"async\" width=\"960\" height=\"540\" src=\"http:\/\/lerucherduroumois.fr\/wp-content\/uploads\/2025\/12\/visite.jpg\" alt=\"\" class=\"wp-image-34\" srcset=\"http:\/\/lerucherduroumois.fr\/wp-content\/uploads\/2025\/12\/visite.jpg 960w, http:\/\/lerucherduroumois.fr\/wp-content\/uploads\/2025\/12\/visite-300x169.jpg 300w, http:\/\/lerucherduroumois.fr\/wp-content\/uploads\/2025\/12\/visite-768x432.jpg 768w\" sizes=\"auto, (max-width: 960px) 100vw, 960px\" \/><\/figure>\n","protected":false},"excerpt":{"rendered":"<p>Venez visiter les ruches \u00e0 la ferme La Chevre Rit \u00e0 Bosguerard de Marcouville. Avec une tenue protectrice, d\u00e9couvrez le fonctionnement d&rsquo;une ruche. Uniquement les samedis et dimanche apr\u00e8s-midi, ou en semaine pendant les vacances scolaires. R\u00e9servation n\u00e9cessaire une semaine \u00e0 l&rsquo;avance, sous condition m\u00e9t\u00e9o. Tarifs sur demande.<\/p>\n","protected":false},"author":1,"featured_media":0,"parent":0,"menu_order":1,"comment_status":"closed","ping_status":"closed","template":"","meta":{"footnotes":""},"class_list":["post-11","page","type-page","status-publish","hentry"],"_links":{"self":[{"href":"http:\/\/lerucherduroumois.fr\/index.php\/wp-json\/wp\/v2\/pages\/11","targetHints":{"allow":["GET"]}}],"collection":[{"href":"http:\/\/lerucherduroumois.fr\/index.php\/wp-json\/wp\/v2\/pages"}],"about":[{"href":"http:\/\/lerucherduroumois.fr\/index.php\/wp-json\/wp\/v2\/types\/page"}],"author":[{"embeddable":true,"href":"http:\/\/lerucherduroumois.fr\/index.php\/wp-json\/wp\/v2\/users\/1"}],"replies":[{"embeddable":true,"href":"http:\/\/lerucherduroumois.fr\/index.php\/wp-json\/wp\/v2\/comments?post=11"}],"version-history":[{"count":3,"href":"http:\/\/lerucherduroumois.fr\/index.php\/wp-json\/wp\/v2\/pages\/11\/revisions"}],"predecessor-version":[{"id":35,"href":"http:\/\/lerucherduroumois.fr\/index.php\/wp-json\/wp\/v2\/pages\/11\/revisions\/35"}],"wp:attachment":[{"href":"http:\/\/lerucherduroumois.fr\/index.php\/wp-json\/wp\/v2\/media?parent=11"}],"curies":[{"name":"wp","href":"https:\/\/api.w.org\/{rel}","templated":true}]}}