{"id":13,"date":"2025-12-28T10:37:22","date_gmt":"2025-12-28T10:37:22","guid":{"rendered":"http:\/\/lerucherduroumois.fr\/?page_id=13"},"modified":"2025-12-30T12:25:13","modified_gmt":"2025-12-30T11:25:13","slug":"pour-entreprises-et-cse","status":"publish","type":"page","link":"http:\/\/lerucherduroumois.fr\/index.php\/pour-entreprises-et-cse\/","title":{"rendered":"\ud83c\udfe2 Pour entreprises et CSE"},"content":{"rendered":"\n<p>Pour votre entreprise, nous proposons d&rsquo;installer des ruches sur le site d&rsquo;exploitation (si possible). Cette action peut s&rsquo;appliquer dans le cadre de la <a href=\"https:\/\/www.economie.gouv.fr\/entreprises\/gerer-sa-comptabilite-et-ses-demarches\/quest-ce-que-la-responsabilite-societale-des\" data-type=\"link\" data-id=\"https:\/\/www.economie.gouv.fr\/entreprises\/gerer-sa-comptabilite-et-ses-demarches\/quest-ce-que-la-responsabilite-societale-des\">d\u00e9marche RSE<\/a> de votre entreprise.<\/p>\n\n\n\n<p>L&rsquo;installation de ruches s&rsquo;accompagne d&rsquo;une distribution de miel avec une \u00e9tiquette personnalis\u00e9e au nom et logo de votre entreprise. Vous pourrez alors distribuer ce miel \u00e0 votre guise (au personnel, \u00e0 des partenaires, \u00e0 des clients&#8230;.).<\/p>\n\n\n\n<p>Nous pouvons aussi proposer des animations et des formations dans votre entreprise pour initier vos \u00e9quipes \u00e0 l&rsquo;apiculture.<\/p>\n\n\n\n<figure class=\"wp-block-image size-large\"><img loading=\"lazy\" decoding=\"async\" width=\"475\" height=\"1024\" src=\"http:\/\/lerucherduroumois.fr\/wp-content\/uploads\/2025\/12\/abeilles-475x1024.jpg\" alt=\"\" class=\"wp-image-48\" srcset=\"http:\/\/lerucherduroumois.fr\/wp-content\/uploads\/2025\/12\/abeilles-475x1024.jpg 475w, http:\/\/lerucherduroumois.fr\/wp-content\/uploads\/2025\/12\/abeilles-139x300.jpg 139w, http:\/\/lerucherduroumois.fr\/wp-content\/uploads\/2025\/12\/abeilles-768x1655.jpg 768w, http:\/\/lerucherduroumois.fr\/wp-content\/uploads\/2025\/12\/abeilles-713x1536.jpg 713w, http:\/\/lerucherduroumois.fr\/wp-content\/uploads\/2025\/12\/abeilles.jpg 928w\" sizes=\"auto, (max-width: 475px) 100vw, 475px\" \/><\/figure>\n","protected":false},"excerpt":{"rendered":"<p>Pour votre entreprise, nous proposons d&rsquo;installer des ruches sur le site d&rsquo;exploitation (si possible). Cette action peut s&rsquo;appliquer dans le cadre de la d\u00e9marche RSE de votre entreprise. L&rsquo;installation de ruches s&rsquo;accompagne d&rsquo;une distribution de miel avec une \u00e9tiquette personnalis\u00e9e au nom et logo de votre entreprise. Vous pourrez alors distribuer ce miel \u00e0 votre [&hellip;]<\/p>\n","protected":false},"author":1,"featured_media":0,"parent":0,"menu_order":4,"comment_status":"closed","ping_status":"closed","template":"","meta":{"footnotes":""},"class_list":["post-13","page","type-page","status-publish","hentry"],"_links":{"self":[{"href":"http:\/\/lerucherduroumois.fr\/index.php\/wp-json\/wp\/v2\/pages\/13","targetHints":{"allow":["GET"]}}],"collection":[{"href":"http:\/\/lerucherduroumois.fr\/index.php\/wp-json\/wp\/v2\/pages"}],"about":[{"href":"http:\/\/lerucherduroumois.fr\/index.php\/wp-json\/wp\/v2\/types\/page"}],"author":[{"embeddable":true,"href":"http:\/\/lerucherduroumois.fr\/index.php\/wp-json\/wp\/v2\/users\/1"}],"replies":[{"embeddable":true,"href":"http:\/\/lerucherduroumois.fr\/index.php\/wp-json\/wp\/v2\/comments?post=13"}],"version-history":[{"count":4,"href":"http:\/\/lerucherduroumois.fr\/index.php\/wp-json\/wp\/v2\/pages\/13\/revisions"}],"predecessor-version":[{"id":56,"href":"http:\/\/lerucherduroumois.fr\/index.php\/wp-json\/wp\/v2\/pages\/13\/revisions\/56"}],"wp:attachment":[{"href":"http:\/\/lerucherduroumois.fr\/index.php\/wp-json\/wp\/v2\/media?parent=13"}],"curies":[{"name":"wp","href":"https:\/\/api.w.org\/{rel}","templated":true}]}}