{"id":2,"date":"2025-12-28T10:00:45","date_gmt":"2025-12-28T10:00:45","guid":{"rendered":"http:\/\/lerucherduroumois.fr\/?page_id=2"},"modified":"2025-12-30T13:06:08","modified_gmt":"2025-12-30T12:06:08","slug":"sample-page","status":"publish","type":"page","link":"http:\/\/lerucherduroumois.fr\/index.php\/sample-page\/","title":{"rendered":"\ud83c\udf6f Miel et produits de la ruche"},"content":{"rendered":"\n<p>Nous produisons des miels de printemps toutes fleurs sur les arbres fruitiers (pommiers, cerisiers, pruniers&#8230;) et du miel d&rsquo;\u00e9t\u00e9 d&rsquo;arbres de for\u00eats (chataigners, tilleul, ronce&#8230;); et des produits alimentaires d\u00e9riv\u00e9s tels que divers pains d&rsquo;\u00e9pices, confiseries et p\u00e2tes \u00e0 tartiner faits maison avec le miel de nos ruches.<br><br>Nous proposons \u00e0 la vente, \u00e0 la boutique ou sur les march\u00e9s, nos produits et ceux de partenaires.<\/p>\n\n\n\n<p>La boutique se situe au 39a, rue Ren\u00e9 Grouvel, \u00e0 Bosroumois \/ Bosc-Roger en Roumois. Appelez avant de venir!<\/p>\n\n\n\n<p><iframe src=\"https:\/\/www.google.com\/maps\/embed?pb=!1m18!1m12!1m3!1d83264.84400103602!2d0.7674771972656359!3d49.2948435!2m3!1f0!2f0!3f0!3m2!1i1024!2i768!4f13.1!3m3!1m2!1s0x47e11c8bcc7e495d%3A0x520adf41668ad1c3!2sSenecal%20Frederic!5e0!3m2!1sfr!2sfr!4v1766936722892!5m2!1sfr!2sfr\" width=\"600\" height=\"450\" style=\"border:0;\" allowfullscreen=\"\" loading=\"lazy\" referrerpolicy=\"no-referrer-when-downgrade\"><\/iframe><\/p>\n\n\n\n<p>Pour plus d&rsquo;infos sur les march\u00e9s \u00e0 venir, consultez <a href=\"https:\/\/www.facebook.com\/profile.php?id=100091854289460\" data-type=\"link\" data-id=\"https:\/\/www.facebook.com\/profile.php?id=100091854289460\">notre page Facebook<\/a>.<\/p>\n\n\n\n<figure class=\"wp-block-image size-full\"><img loading=\"lazy\" decoding=\"async\" width=\"736\" height=\"1000\" src=\"http:\/\/lerucherduroumois.fr\/wp-content\/uploads\/2025\/12\/etal.jpg\" alt=\"\" class=\"wp-image-25\" srcset=\"http:\/\/lerucherduroumois.fr\/wp-content\/uploads\/2025\/12\/etal.jpg 736w, http:\/\/lerucherduroumois.fr\/wp-content\/uploads\/2025\/12\/etal-221x300.jpg 221w\" sizes=\"auto, (max-width: 736px) 100vw, 736px\" \/><\/figure>\n","protected":false},"excerpt":{"rendered":"<p>Nous produisons des miels de printemps toutes fleurs sur les arbres fruitiers (pommiers, cerisiers, pruniers&#8230;) et du miel d&rsquo;\u00e9t\u00e9 d&rsquo;arbres de for\u00eats (chataigners, tilleul, ronce&#8230;); et des produits alimentaires d\u00e9riv\u00e9s tels que divers pains d&rsquo;\u00e9pices, confiseries et p\u00e2tes \u00e0 tartiner faits maison avec le miel de nos ruches. Nous proposons \u00e0 la vente, \u00e0 la [&hellip;]<\/p>\n","protected":false},"author":1,"featured_media":0,"parent":0,"menu_order":1,"comment_status":"closed","ping_status":"open","template":"","meta":{"footnotes":""},"class_list":["post-2","page","type-page","status-publish","hentry"],"_links":{"self":[{"href":"http:\/\/lerucherduroumois.fr\/index.php\/wp-json\/wp\/v2\/pages\/2","targetHints":{"allow":["GET"]}}],"collection":[{"href":"http:\/\/lerucherduroumois.fr\/index.php\/wp-json\/wp\/v2\/pages"}],"about":[{"href":"http:\/\/lerucherduroumois.fr\/index.php\/wp-json\/wp\/v2\/types\/page"}],"author":[{"embeddable":true,"href":"http:\/\/lerucherduroumois.fr\/index.php\/wp-json\/wp\/v2\/users\/1"}],"replies":[{"embeddable":true,"href":"http:\/\/lerucherduroumois.fr\/index.php\/wp-json\/wp\/v2\/comments?post=2"}],"version-history":[{"count":5,"href":"http:\/\/lerucherduroumois.fr\/index.php\/wp-json\/wp\/v2\/pages\/2\/revisions"}],"predecessor-version":[{"id":69,"href":"http:\/\/lerucherduroumois.fr\/index.php\/wp-json\/wp\/v2\/pages\/2\/revisions\/69"}],"wp:attachment":[{"href":"http:\/\/lerucherduroumois.fr\/index.php\/wp-json\/wp\/v2\/media?parent=2"}],"curies":[{"name":"wp","href":"https:\/\/api.w.org\/{rel}","templated":true}]}}